{"id":12678,"date":"2020-12-14T17:44:28","date_gmt":"2020-12-14T16:44:28","guid":{"rendered":"http:\/\/preproduzly.illyess.fr\/?page_id=12678"},"modified":"2021-01-19T11:00:28","modified_gmt":"2021-01-19T10:00:28","slug":"2021-2","status":"publish","type":"page","link":"https:\/\/uzerly.fr\/fr\/2021-2\/","title":{"rendered":"2021"},"content":{"rendered":"\t\t<div data-elementor-type=\"wp-page\" data-elementor-id=\"12678\" class=\"elementor elementor-12678\" data-elementor-settings=\"[]\">\n\t\t\t\t\t\t<div class=\"elementor-inner\">\n\t\t\t\t\t\t\t<div class=\"elementor-section-wrap\">\n\t\t\t\t\t\t\t<section class=\"elementor-section elementor-top-section elementor-element elementor-element-e63238b elementor-section-full_width elementor-section-height-full elementor-section-stretched elementor-section-height-default elementor-section-items-middle\" data-id=\"e63238b\" data-element_type=\"section\" data-settings=\"{&quot;stretch_section&quot;:&quot;section-stretched&quot;,&quot;background_background&quot;:&quot;video&quot;,&quot;background_video_link&quot;:&quot;https:\\\/\\\/www.youtube.com\\\/watch?v=geDhhWvl1II&quot;,&quot;background_play_on_mobile&quot;:&quot;yes&quot;,&quot;background_video_start&quot;:60}\">\n\t\t\t\t\t\t\t\t<div class=\"elementor-background-video-container\">\n\t\t\t\t\t\t\t\t\t\t\t\t\t<div class=\"elementor-background-video-embed\"><\/div>\n\t\t\t\t\t\t\t\t\t\t\t\t<\/div>\n\t\t\t\t\t\t\t\t\t<div class=\"elementor-background-overlay\"><\/div>\n\t\t\t\t\t\t\t<div class=\"elementor-container elementor-column-gap-default\">\n\t\t\t\t\t\t\t<div class=\"elementor-row\">\n\t\t\t\t\t<div class=\"elementor-column elementor-col-50 elementor-top-column elementor-element elementor-element-0078e6b\" data-id=\"0078e6b\" data-element_type=\"column\">\n\t\t\t<div class=\"elementor-column-wrap elementor-element-populated\">\n\t\t\t\t\t\t\t<div class=\"elementor-widget-wrap\">\n\t\t\t\t\t\t<div class=\"elementor-element elementor-element-46997cb elementor-invisible elementor-widget elementor-widget-heading\" data-id=\"46997cb\" data-element_type=\"widget\" data-settings=\"{&quot;_animation&quot;:&quot;slideInDown&quot;}\" data-widget_type=\"heading.default\">\n\t\t\t\t<div class=\"elementor-widget-container\">\n\t\t\t<h1 class=\"elementor-heading-title elementor-size-default\">2021<\/h1>\t\t<\/div>\n\t\t\t\t<\/div>\n\t\t\t\t<div class=\"elementor-element elementor-element-723c743 elementor-invisible elementor-widget elementor-widget-text-editor\" data-id=\"723c743\" data-element_type=\"widget\" data-settings=\"{&quot;_animation&quot;:&quot;rotateInDownLeft&quot;,&quot;_animation_delay&quot;:2000}\" data-widget_type=\"text-editor.default\">\n\t\t\t\t<div class=\"elementor-widget-container\">\n\t\t\t\t\t\t\t\t<div class=\"elementor-text-editor elementor-clearfix\">\n\t\t\t\t\t<p>Pour cette nouvelle ann\u00e9e, l&rsquo;\u00e9quipe Uzerly vous pr\u00e9sente son nouveau site web.<\/p>\t\t\t\t\t<\/div>\n\t\t\t\t\t\t<\/div>\n\t\t\t\t<\/div>\n\t\t\t\t<div class=\"elementor-element elementor-element-4a598df elementor-invisible elementor-widget elementor-widget-text-editor\" data-id=\"4a598df\" data-element_type=\"widget\" data-settings=\"{&quot;_animation&quot;:&quot;slideInDown&quot;,&quot;_animation_delay&quot;:5000}\" data-widget_type=\"text-editor.default\">\n\t\t\t\t<div class=\"elementor-widget-container\">\n\t\t\t\t\t\t\t\t<div class=\"elementor-text-editor elementor-clearfix\">\n\t\t\t\t\t<p>Mais surtout, pour 2021&#8230;<\/p>\t\t\t\t\t<\/div>\n\t\t\t\t\t\t<\/div>\n\t\t\t\t<\/div>\n\t\t\t\t<div class=\"elementor-element elementor-element-0f359e3 animated-slow elementor-invisible elementor-widget elementor-widget-text-editor\" data-id=\"0f359e3\" data-element_type=\"widget\" data-settings=\"{&quot;_animation&quot;:&quot;slideInUp&quot;,&quot;_animation_delay&quot;:6000}\" data-widget_type=\"text-editor.default\">\n\t\t\t\t<div class=\"elementor-widget-container\">\n\t\t\t\t\t\t\t\t<div class=\"elementor-text-editor elementor-clearfix\">\n\t\t\t\t\t<p>Nous vous souhaitons :<\/p><p><strong>d&rsquo;excellentes performances, de bons taux de conversions, <\/strong>et la meilleure chose qui puisse arriver \u00e0 votre site e-commerce&#8230; <strong>travailler avec nous !<\/strong><\/p>\t\t\t\t\t<\/div>\n\t\t\t\t\t\t<\/div>\n\t\t\t\t<\/div>\n\t\t\t\t<div class=\"elementor-element elementor-element-27e970d elementor-hidden-desktop elementor-hidden-tablet elementor-widget elementor-widget-eael-creative-button\" data-id=\"27e970d\" data-element_type=\"widget\" data-widget_type=\"eael-creative-button.default\">\n\t\t\t\t<div class=\"elementor-widget-container\">\n\t\t\t        <div class=\"eael-creative-button-wrapper\">\n\n            <a class=\"eael-creative-button eael-creative-button--winona\" href=\"https:\/\/uzerly.fr\/\" data-text=\"C&#039;est parti !\">\n\n                <div class=\"creative-button-inner\">\n\n                    \n                    <span class=\"cretive-button-text\">Je veux voir le nouveau site !<\/span>\n\n                    \n                <\/div>\n            <\/a>\n        <\/div>\n\t\t<\/div>\n\t\t\t\t<\/div>\n\t\t\t\t<div class=\"elementor-element elementor-element-8cffb7c elementor-hidden-desktop elementor-hidden-tablet elementor-widget elementor-widget-eael-creative-button\" data-id=\"8cffb7c\" data-element_type=\"widget\" data-widget_type=\"eael-creative-button.default\">\n\t\t\t\t<div class=\"elementor-widget-container\">\n\t\t\t        <div class=\"eael-creative-button-wrapper\">\n\n            <a class=\"eael-creative-button eael-creative-button--winona\" href=\"https:\/\/uzerly.fr\/demo\/\" data-text=\"Sympa pour le dev...\">\n\n                <div class=\"creative-button-inner\">\n\n                    \n                    <span class=\"cretive-button-text\">Plus tard, je veux une d\u00e9mo !<\/span>\n\n                    \n                <\/div>\n            <\/a>\n        <\/div>\n\t\t<\/div>\n\t\t\t\t<\/div>\n\t\t\t\t\t\t<\/div>\n\t\t\t\t\t<\/div>\n\t\t<\/div>\n\t\t\t\t<div class=\"elementor-column elementor-col-50 elementor-top-column elementor-element elementor-element-f5f651f\" data-id=\"f5f651f\" data-element_type=\"column\">\n\t\t\t<div class=\"elementor-column-wrap elementor-element-populated\">\n\t\t\t\t\t\t\t<div class=\"elementor-widget-wrap\">\n\t\t\t\t\t\t<section class=\"elementor-section elementor-inner-section elementor-element elementor-element-724525f animated-fast elementor-hidden-phone elementor-section-boxed elementor-section-height-default elementor-section-height-default elementor-invisible\" data-id=\"724525f\" data-element_type=\"section\" data-settings=\"{&quot;animation&quot;:&quot;fadeIn&quot;,&quot;animation_delay&quot;:650,&quot;animation_mobile&quot;:&quot;none&quot;}\">\n\t\t\t\t\t\t<div class=\"elementor-container elementor-column-gap-default\">\n\t\t\t\t\t\t\t<div class=\"elementor-row\">\n\t\t\t\t\t<div class=\"elementor-column elementor-col-50 elementor-inner-column elementor-element elementor-element-6af3499\" data-id=\"6af3499\" data-element_type=\"column\">\n\t\t\t<div class=\"elementor-column-wrap elementor-element-populated\">\n\t\t\t\t\t\t\t<div class=\"elementor-widget-wrap\">\n\t\t\t\t\t\t<div class=\"elementor-element elementor-element-d873c69 elementor-widget elementor-widget-eael-creative-button\" data-id=\"d873c69\" data-element_type=\"widget\" data-widget_type=\"eael-creative-button.default\">\n\t\t\t\t<div class=\"elementor-widget-container\">\n\t\t\t        <div class=\"eael-creative-button-wrapper\">\n\n            <a class=\"eael-creative-button eael-creative-button--winona\" href=\"https:\/\/uzerly.fr\/\" data-text=\"C&#039;est parti !\">\n\n                <div class=\"creative-button-inner\">\n\n                    \n                    <span class=\"cretive-button-text\">Je veux voir le nouveau site !<\/span>\n\n                    \n                <\/div>\n            <\/a>\n        <\/div>\n\t\t<\/div>\n\t\t\t\t<\/div>\n\t\t\t\t\t\t<\/div>\n\t\t\t\t\t<\/div>\n\t\t<\/div>\n\t\t\t\t<div class=\"elementor-column elementor-col-50 elementor-inner-column elementor-element elementor-element-d022175\" data-id=\"d022175\" data-element_type=\"column\">\n\t\t\t<div class=\"elementor-column-wrap elementor-element-populated\">\n\t\t\t\t\t\t\t<div class=\"elementor-widget-wrap\">\n\t\t\t\t\t\t<div class=\"elementor-element elementor-element-cf94bce elementor-widget elementor-widget-eael-creative-button\" data-id=\"cf94bce\" data-element_type=\"widget\" data-widget_type=\"eael-creative-button.default\">\n\t\t\t\t<div class=\"elementor-widget-container\">\n\t\t\t        <div class=\"eael-creative-button-wrapper\">\n\n            <a class=\"eael-creative-button eael-creative-button--winona\" href=\"https:\/\/uzerly.fr\/demo\/\" data-text=\"Sympa pour le dev...\">\n\n                <div class=\"creative-button-inner\">\n\n                    \n                    <span class=\"cretive-button-text\">Plus tard, je veux une d\u00e9mo !<\/span>\n\n                    \n                <\/div>\n            <\/a>\n        <\/div>\n\t\t<\/div>\n\t\t\t\t<\/div>\n\t\t\t\t\t\t<\/div>\n\t\t\t\t\t<\/div>\n\t\t<\/div>\n\t\t\t\t\t\t\t\t<\/div>\n\t\t\t\t\t<\/div>\n\t\t<\/section>\n\t\t\t\t\t\t<\/div>\n\t\t\t\t\t<\/div>\n\t\t<\/div>\n\t\t\t\t\t\t\t\t<\/div>\n\t\t\t\t\t<\/div>\n\t\t<\/section>\n\t\t\t\t\t\t<\/div>\n\t\t\t\t\t\t<\/div>\n\t\t\t\t\t<\/div>\n\t\t","protected":false},"excerpt":{"rendered":"<p>2021 Pour cette nouvelle ann\u00e9e, l&rsquo;\u00e9quipe Uzerly vous pr\u00e9sente son&hellip;<\/p>\n<p> <a class=\"more-link\" href=\"https:\/\/uzerly.fr\/fr\/2021-2\/\">Lire la suite<\/a><\/p>\n","protected":false},"author":1,"featured_media":0,"parent":0,"menu_order":0,"comment_status":"closed","ping_status":"closed","template":"elementor_header_footer","meta":[],"yoast_head":"<!-- This site is optimized with the Yoast SEO plugin v18.0 - https:\/\/yoast.com\/wordpress\/plugins\/seo\/ -->\n<title>2021 - Uzerly<\/title>\n<meta name=\"robots\" content=\"index, follow, max-snippet:-1, max-image-preview:large, max-video-preview:-1\" \/>\n<link rel=\"canonical\" href=\"https:\/\/uzerly.fr\/fr\/2021-2\/\" \/>\n<meta property=\"og:locale\" content=\"fr_FR\" \/>\n<meta property=\"og:type\" content=\"article\" \/>\n<meta property=\"og:title\" content=\"2021 - Uzerly\" \/>\n<meta property=\"og:description\" content=\"2021 Pour cette nouvelle ann\u00e9e, l&rsquo;\u00e9quipe Uzerly vous pr\u00e9sente son&hellip;  Lire la suite\" \/>\n<meta property=\"og:url\" content=\"https:\/\/uzerly.fr\/fr\/2021-2\/\" \/>\n<meta property=\"og:site_name\" content=\"Uzerly\" \/>\n<meta property=\"article:publisher\" content=\"https:\/\/www.facebook.com\/Uzerly-326894087499710\" \/>\n<meta property=\"article:modified_time\" content=\"2021-01-19T10:00:28+00:00\" \/>\n<meta name=\"twitter:card\" content=\"summary_large_image\" \/>\n<script type=\"application\/ld+json\" class=\"yoast-schema-graph\">{\"@context\":\"https:\/\/schema.org\",\"@graph\":[{\"@type\":\"Organization\",\"@id\":\"https:\/\/uzerly.fr\/fr\/#organization\",\"name\":\"Uzerly\",\"url\":\"https:\/\/uzerly.fr\/fr\/\",\"sameAs\":[\"https:\/\/www.facebook.com\/Uzerly-326894087499710\",\"https:\/\/www.linkedin.com\/company\/cibleclic-sas\"],\"logo\":{\"@type\":\"ImageObject\",\"@id\":\"https:\/\/uzerly.fr\/fr\/#logo\",\"inLanguage\":\"fr-FR\",\"url\":\"https:\/\/uzerly.fr\/wp-content\/uploads\/2020\/07\/Logo-Uzerly.png\",\"contentUrl\":\"https:\/\/uzerly.fr\/wp-content\/uploads\/2020\/07\/Logo-Uzerly.png\",\"width\":1024,\"height\":384,\"caption\":\"Uzerly\"},\"image\":{\"@id\":\"https:\/\/uzerly.fr\/fr\/#logo\"}},{\"@type\":\"WebSite\",\"@id\":\"https:\/\/uzerly.fr\/fr\/#website\",\"url\":\"https:\/\/uzerly.fr\/fr\/\",\"name\":\"Uzerly\",\"description\":\"L&#039;agence Remarketing\",\"publisher\":{\"@id\":\"https:\/\/uzerly.fr\/fr\/#organization\"},\"potentialAction\":[{\"@type\":\"SearchAction\",\"target\":{\"@type\":\"EntryPoint\",\"urlTemplate\":\"https:\/\/uzerly.fr\/fr\/?s={search_term_string}\"},\"query-input\":\"required name=search_term_string\"}],\"inLanguage\":\"fr-FR\"},{\"@type\":\"WebPage\",\"@id\":\"https:\/\/uzerly.fr\/2021-2\/#webpage\",\"url\":\"https:\/\/uzerly.fr\/2021-2\/\",\"name\":\"2021 - Uzerly\",\"isPartOf\":{\"@id\":\"https:\/\/uzerly.fr\/fr\/#website\"},\"datePublished\":\"2020-12-14T16:44:28+00:00\",\"dateModified\":\"2021-01-19T10:00:28+00:00\",\"breadcrumb\":{\"@id\":\"https:\/\/uzerly.fr\/2021-2\/#breadcrumb\"},\"inLanguage\":\"fr-FR\",\"potentialAction\":[{\"@type\":\"ReadAction\",\"target\":[\"https:\/\/uzerly.fr\/2021-2\/\"]}]},{\"@type\":\"BreadcrumbList\",\"@id\":\"https:\/\/uzerly.fr\/2021-2\/#breadcrumb\",\"itemListElement\":[{\"@type\":\"ListItem\",\"position\":1,\"name\":\"Home\",\"item\":\"https:\/\/uzerly.fr\/\"},{\"@type\":\"ListItem\",\"position\":2,\"name\":\"2021\"}]}]}<\/script>\n<!-- \/ Yoast SEO plugin. -->","yoast_head_json":{"title":"2021 - Uzerly","robots":{"index":"index","follow":"follow","max-snippet":"max-snippet:-1","max-image-preview":"max-image-preview:large","max-video-preview":"max-video-preview:-1"},"canonical":"https:\/\/uzerly.fr\/fr\/2021-2\/","og_locale":"fr_FR","og_type":"article","og_title":"2021 - Uzerly","og_description":"2021 Pour cette nouvelle ann\u00e9e, l&rsquo;\u00e9quipe Uzerly vous pr\u00e9sente son&hellip;  Lire la suite","og_url":"https:\/\/uzerly.fr\/fr\/2021-2\/","og_site_name":"Uzerly","article_publisher":"https:\/\/www.facebook.com\/Uzerly-326894087499710","article_modified_time":"2021-01-19T10:00:28+00:00","twitter_card":"summary_large_image","schema":{"@context":"https:\/\/schema.org","@graph":[{"@type":"Organization","@id":"https:\/\/uzerly.fr\/fr\/#organization","name":"Uzerly","url":"https:\/\/uzerly.fr\/fr\/","sameAs":["https:\/\/www.facebook.com\/Uzerly-326894087499710","https:\/\/www.linkedin.com\/company\/cibleclic-sas"],"logo":{"@type":"ImageObject","@id":"https:\/\/uzerly.fr\/fr\/#logo","inLanguage":"fr-FR","url":"https:\/\/uzerly.fr\/wp-content\/uploads\/2020\/07\/Logo-Uzerly.png","contentUrl":"https:\/\/uzerly.fr\/wp-content\/uploads\/2020\/07\/Logo-Uzerly.png","width":1024,"height":384,"caption":"Uzerly"},"image":{"@id":"https:\/\/uzerly.fr\/fr\/#logo"}},{"@type":"WebSite","@id":"https:\/\/uzerly.fr\/fr\/#website","url":"https:\/\/uzerly.fr\/fr\/","name":"Uzerly","description":"L&#039;agence Remarketing","publisher":{"@id":"https:\/\/uzerly.fr\/fr\/#organization"},"potentialAction":[{"@type":"SearchAction","target":{"@type":"EntryPoint","urlTemplate":"https:\/\/uzerly.fr\/fr\/?s={search_term_string}"},"query-input":"required name=search_term_string"}],"inLanguage":"fr-FR"},{"@type":"WebPage","@id":"https:\/\/uzerly.fr\/2021-2\/#webpage","url":"https:\/\/uzerly.fr\/2021-2\/","name":"2021 - Uzerly","isPartOf":{"@id":"https:\/\/uzerly.fr\/fr\/#website"},"datePublished":"2020-12-14T16:44:28+00:00","dateModified":"2021-01-19T10:00:28+00:00","breadcrumb":{"@id":"https:\/\/uzerly.fr\/2021-2\/#breadcrumb"},"inLanguage":"fr-FR","potentialAction":[{"@type":"ReadAction","target":["https:\/\/uzerly.fr\/2021-2\/"]}]},{"@type":"BreadcrumbList","@id":"https:\/\/uzerly.fr\/2021-2\/#breadcrumb","itemListElement":[{"@type":"ListItem","position":1,"name":"Home","item":"https:\/\/uzerly.fr\/"},{"@type":"ListItem","position":2,"name":"2021"}]}]}},"_links":{"self":[{"href":"https:\/\/uzerly.fr\/fr\/wp-json\/wp\/v2\/pages\/12678"}],"collection":[{"href":"https:\/\/uzerly.fr\/fr\/wp-json\/wp\/v2\/pages"}],"about":[{"href":"https:\/\/uzerly.fr\/fr\/wp-json\/wp\/v2\/types\/page"}],"author":[{"embeddable":true,"href":"https:\/\/uzerly.fr\/fr\/wp-json\/wp\/v2\/users\/1"}],"replies":[{"embeddable":true,"href":"https:\/\/uzerly.fr\/fr\/wp-json\/wp\/v2\/comments?post=12678"}],"version-history":[{"count":0,"href":"https:\/\/uzerly.fr\/fr\/wp-json\/wp\/v2\/pages\/12678\/revisions"}],"wp:attachment":[{"href":"https:\/\/uzerly.fr\/fr\/wp-json\/wp\/v2\/media?parent=12678"}],"curies":[{"name":"wp","href":"https:\/\/api.w.org\/{rel}","templated":true}]}}